{"id":17,"date":"2019-07-12T14:44:13","date_gmt":"2019-07-12T14:44:13","guid":{"rendered":"https:\/\/www.boehme-ra.de\/?page_id=17"},"modified":"2019-07-12T14:51:42","modified_gmt":"2019-07-12T14:51:42","slug":"impressum","status":"publish","type":"page","link":"https:\/\/www.boehme-ra.de\/?page_id=17","title":{"rendered":"Impressum"},"content":{"rendered":"\n<p><strong>Kontakt:<\/strong><\/p>\n\n\n\n<p>Rechtsanw\u00e4ltin<br>Nina B\u00f6hme<br>Am Kr\u00e4mershagen 15<br>59964 Medebach<\/p>\n\n\n\n<p>Tel. 02982 2880-349<br>Fax 02982 2880-347<\/p>\n\n\n\n<p>E-Mail: post@boehme-ra.de<br>Internet: www.boehme-ra.de<\/p>\n\n\n\n<p><strong>Umsatzsteuer-Identifikationsnummer gem. \u00a7 27 a UStG:<\/strong><\/p>\n\n\n\n<p>DE276843846<\/p>\n\n\n\n<p><strong>Berufsbezeichnung:<\/strong><\/p>\n\n\n\n<p>Rechtsanw\u00e4ltin (verliehen in der Bundesrepublik Deutschland)<\/p>\n\n\n\n<p><strong>Zust\u00e4ndige Kammer und zust\u00e4ndige Aufsichtsbeh\u00f6rde:<\/strong><\/p>\n\n\n\n<p>Rechtsanwaltskammer Hamm<br>Ostenallee 18<br>59063 Hamm<br>Tel. 02381\/985000<br>Fax 02381\/985050<\/p>\n\n\n\n<p><strong>Berufsrechtliche Regelungen:<\/strong><\/p>\n\n\n\n<p>Rechtsanw\u00e4lte unterliegen den folgenden berufsrechtlichen Regelungen:<br>&#8211; Bundesrechtsanwaltsordnung (BRAO)<br>&#8211; Berufsordnung f\u00fcr Rechtsanw\u00e4lte (BORA)<br>&#8211; Fachanwaltsordnung (FAO),&nbsp;<br>&#8211; Gesetz \u00fcber die Verg\u00fctung der Rechtsanw\u00e4ltinnen und Rechtsanw\u00e4lte (Rechtsanwaltsverg\u00fctungsgesetz \u2013 RVG),&nbsp;<br>&#8211; Berufsregeln der Rechtsanw\u00e4lte der Europ\u00e4ischen Union (CCBE)&nbsp;<br>&#8211; Gesetz \u00fcber die T\u00e4tigkeit europ\u00e4ischer Rechtsanw\u00e4lte in Deutschland vom 9. M\u00e4rz 2000 (EuRAG)<\/p>\n\n\n\n<p>Diese und weitere berufsrechtlichen Regelungen finden Sie auf der <a rel=\"noreferrer noopener\" aria-label=\"Internetseite der Bundesrechtsanwaltskammer (\u00f6ffnet in neuem Tab)\" href=\"https:\/\/www.brak.de\/fuer-anwaelte\/berufsrecht\/\" target=\"_blank\">Internetseite der Bundesrechtsanwaltskammer<\/a>.<\/p>\n\n\n\n<p><strong>Berufshaftpflichtversicherung:<\/strong><\/p>\n\n\n\n<p>R&amp;V Allgemeine Versicherung AG<\/p>\n\n\n\n<p>R&amp;V Allgemeine Versicherung AG<br>Voltastra\u00dfe 84<br>60486 Frankfurt am Main<\/p>\n\n\n\n<p>R\u00e4umlicher Geltungsbereich:<br>Im gesamten EU-Gebiet und der T\u00fcrkei.<\/p>\n\n\n\n<p><strong>Au\u00dfergerichtliche Streitschlichtung<\/strong>:<\/p>\n\n\n\n<p>Bei Streitigkeiten zwischen Rechtsanw\u00e4lten und ihren Auftraggebern besteht auf Antrag die M\u00f6glichkeit der Vermittlung durch die <a rel=\"noreferrer noopener\" aria-label=\"Rechtsanwaltskammer Hamm (\u00f6ffnet in neuem Tab)\" href=\"https:\/\/www.rechtsanwaltskammer-hamm.de\/buergerservice\/faq.html\" target=\"_blank\">Rechtsanwaltskammer Hamm<\/a> (gem\u00e4\u00df \u00a7 73 Abs. 2 Nr. 3 iVm \u00a7 73 Abs. 5 BRAO)&nbsp;&nbsp;oder bei der <a rel=\"noreferrer noopener\" aria-label=\"Schlichtungsstelle der Rechtsanwaltschaft (\u00f6ffnet in neuem Tab)\" href=\"http:\/\/www.schlichtungsstelle-der-rechtsanwaltschaft.de\" target=\"_blank\">Schlichtungsstelle der Rechtsanwaltschaft<\/a> (\u00a7  191 f. BRAO), E-Mail:&nbsp;<a href=\"mailto:schlichtungsstelle@s-d-r.org\">schlichtungsstelle@s-d-r.org<\/a><\/p>\n\n\n\n<p><strong>Hinweis gem. ODR-Verordnung:<\/strong><br><br>Die Europ\u00e4ische Kommission stellt eine Plattform zur Online-Streitbeilegung bereit, die Sie unter&nbsp;<a rel=\"noreferrer noopener\" href=\"https:\/\/ec.europa.eu\/consumers\/odr\/main\/index.cfm?event=main.home2.show&amp;lng=DE\" target=\"_blank\">https:\/\/ec.europa.eu\/consumers\/odr<\/a>&nbsp;finden.<\/p>\n\n\n\n<p><strong>Haftungshinweis:<\/strong><\/p>\n\n\n\n<p>Trotz sorgf\u00e4ltiger inhaltlicher Kontrolle \u00fcbernehme ich keine Haftung f\u00fcr die Inhalte externer Links. F\u00fcr den Inhalt der verlinkten Seiten sind ausschlie\u00dflich deren Betreiber verantwortlich.<\/p>\n","protected":false},"excerpt":{"rendered":"<p>Kontakt: Rechtsanw\u00e4ltinNina B\u00f6hmeAm Kr\u00e4mershagen 1559964 Medebach Tel. 02982 2880-349Fax 02982 2880-347 E-Mail: post@boehme-ra.deInternet: www.boehme-ra.de Umsatzsteuer-Identifikationsnummer gem. \u00a7 27 a UStG: DE276843846 Berufsbezeichnung: Rechtsanw\u00e4ltin (verliehen in der Bundesrepublik Deutschland) Zust\u00e4ndige Kammer und zust\u00e4ndige Aufsichtsbeh\u00f6rde: Rechtsanwaltskammer HammOstenallee 1859063 HammTel. 02381\/985000Fax 02381\/985050 Berufsrechtliche Regelungen: Rechtsanw\u00e4lte unterliegen den folgenden berufsrechtlichen Regelungen:&#8211; Bundesrechtsanwaltsordnung (BRAO)&#8211; Berufsordnung f\u00fcr Rechtsanw\u00e4lte (BORA)&#8211; Fachanwaltsordnung (FAO),&nbsp;&#8211; &hellip; <\/p>\n<p class=\"link-more\"><a href=\"https:\/\/www.boehme-ra.de\/?page_id=17\" class=\"more-link\"><span class=\"screen-reader-text\">\u201eImpressum\u201c<\/span> weiterlesen<\/a><\/p>\n","protected":false},"author":1,"featured_media":0,"parent":0,"menu_order":0,"comment_status":"closed","ping_status":"closed","template":"","meta":{"footnotes":""},"class_list":["post-17","page","type-page","status-publish","hentry"],"_links":{"self":[{"href":"https:\/\/www.boehme-ra.de\/index.php?rest_route=\/wp\/v2\/pages\/17"}],"collection":[{"href":"https:\/\/www.boehme-ra.de\/index.php?rest_route=\/wp\/v2\/pages"}],"about":[{"href":"https:\/\/www.boehme-ra.de\/index.php?rest_route=\/wp\/v2\/types\/page"}],"author":[{"embeddable":true,"href":"https:\/\/www.boehme-ra.de\/index.php?rest_route=\/wp\/v2\/users\/1"}],"replies":[{"embeddable":true,"href":"https:\/\/www.boehme-ra.de\/index.php?rest_route=%2Fwp%2Fv2%2Fcomments&post=17"}],"version-history":[{"count":3,"href":"https:\/\/www.boehme-ra.de\/index.php?rest_route=\/wp\/v2\/pages\/17\/revisions"}],"predecessor-version":[{"id":20,"href":"https:\/\/www.boehme-ra.de\/index.php?rest_route=\/wp\/v2\/pages\/17\/revisions\/20"}],"wp:attachment":[{"href":"https:\/\/www.boehme-ra.de\/index.php?rest_route=%2Fwp%2Fv2%2Fmedia&parent=17"}],"curies":[{"name":"wp","href":"https:\/\/api.w.org\/{rel}","templated":true}]}}