{"id":2,"date":"2016-05-10T03:48:21","date_gmt":"2016-05-10T03:48:21","guid":{"rendered":"https:\/\/www.boehme-ra.de\/?page_id=2"},"modified":"2019-07-12T14:53:26","modified_gmt":"2019-07-12T14:53:26","slug":"sample-page","status":"publish","type":"page","link":"https:\/\/www.boehme-ra.de\/","title":{"rendered":"Guten Tag."},"content":{"rendered":"<p>Rechtsanw\u00e4ltin&nbsp;<br>Nina B\u00f6hme<br>Am Kr\u00e4mershagen 15<br>59964 Medebach<\/p>\n<p><a href=\"mailto:post@boehme-ra.de\">Kontakt<\/a><\/p>\n<p><\/p>\n\n\n<p><\/p>\n","protected":false},"excerpt":{"rendered":"<p>Rechtsanw\u00e4ltin&nbsp;Nina B\u00f6hmeAm Kr\u00e4mershagen 1559964 Medebach Kontakt<\/p>\n","protected":false},"author":1,"featured_media":0,"parent":0,"menu_order":0,"comment_status":"closed","ping_status":"open","template":"","meta":{"footnotes":""},"class_list":["post-2","page","type-page","status-publish","hentry"],"_links":{"self":[{"href":"https:\/\/www.boehme-ra.de\/index.php?rest_route=\/wp\/v2\/pages\/2"}],"collection":[{"href":"https:\/\/www.boehme-ra.de\/index.php?rest_route=\/wp\/v2\/pages"}],"about":[{"href":"https:\/\/www.boehme-ra.de\/index.php?rest_route=\/wp\/v2\/types\/page"}],"author":[{"embeddable":true,"href":"https:\/\/www.boehme-ra.de\/index.php?rest_route=\/wp\/v2\/users\/1"}],"replies":[{"embeddable":true,"href":"https:\/\/www.boehme-ra.de\/index.php?rest_route=%2Fwp%2Fv2%2Fcomments&post=2"}],"version-history":[{"count":8,"href":"https:\/\/www.boehme-ra.de\/index.php?rest_route=\/wp\/v2\/pages\/2\/revisions"}],"predecessor-version":[{"id":35,"href":"https:\/\/www.boehme-ra.de\/index.php?rest_route=\/wp\/v2\/pages\/2\/revisions\/35"}],"wp:attachment":[{"href":"https:\/\/www.boehme-ra.de\/index.php?rest_route=%2Fwp%2Fv2%2Fmedia&parent=2"}],"curies":[{"name":"wp","href":"https:\/\/api.w.org\/{rel}","templated":true}]}}